{"id":1771,"date":"2025-09-30T08:57:32","date_gmt":"2025-09-30T08:57:32","guid":{"rendered":"https:\/\/camping-lescognets.fr\/?page_id=1771"},"modified":"2025-12-24T13:10:23","modified_gmt":"2025-12-24T13:10:23","slug":"legal-information","status":"publish","type":"page","link":"https:\/\/camping-lescognets.fr\/en\/mentions-legales\/","title":{"rendered":"Legal information"},"content":{"rendered":"<style>.kb-row-layout-id1771_2ab09d-45 > .kt-row-column-wrap{align-content:center;}:where(.kb-row-layout-id1771_2ab09d-45 > .kt-row-column-wrap) > .wp-block-kadence-column{justify-content:center;}.kb-row-layout-id1771_2ab09d-45 > .kt-row-column-wrap{column-gap:var(--global-kb-gap-md, 2rem);row-gap:var(--global-kb-gap-md, 2rem);max-width:var( --global-content-width, 1290px );padding-left:var(--global-content-edge-padding);padding-right:var(--global-content-edge-padding);padding-top:99px;padding-bottom:100px;grid-template-columns:minmax(0, 1fr);}.kb-row-layout-id1771_2ab09d-45{border-top-left-radius:0px;border-bottom-right-radius:0px;}.kb-row-layout-id1771_2ab09d-45 > .kt-row-layout-overlay{opacity:1;background-color:#f2bb6b;background-image:url('https:\/\/camping-lescognets.fr\/wp-content\/uploads\/2025\/10\/close-up-of-a-hand-holding-a-pen-and-paper-near-a-laptop-suggesting-online-shopping-or-document-review.-2646033-scaled.jpg');background-size:cover;background-position:45% 19%;background-attachment:scroll;background-repeat:no-repeat;}.kb-row-layout-id1771_2ab09d-45 .kt-row-layout-bottom-sep{height:103px;}.kb-row-layout-id1771_2ab09d-45 .kt-row-layout-bottom-sep svg{width:118%;}.kb-row-layout-id1771_2ab09d-45 .kt-row-layout-bottom-sep svg{fill:var(--global-palette8, #F7FAFC)!important;}@media all and (max-width: 1024px){.kb-row-layout-id1771_2ab09d-45 > .kt-row-column-wrap{grid-template-columns:minmax(0, 1fr);}}@media all and (max-width: 1024px){.kb-row-layout-id1771_2ab09d-45 .kt-row-layout-bottom-sep{height:px;}}@media all and (max-width: 1024px){.kb-row-layout-id1771_2ab09d-45 .kt-row-layout-bottom-sep svg{width:%;}}@media all and (max-width: 767px){.kb-row-layout-id1771_2ab09d-45 > .kt-row-column-wrap{grid-template-columns:minmax(0, 1fr);}.kb-row-layout-id1771_2ab09d-45 .kt-row-layout-bottom-sep{height:px;}.kb-row-layout-id1771_2ab09d-45 .kt-row-layout-bottom-sep svg{width:%;}}<\/style><div class=\"kb-row-layout-wrap kb-row-layout-id1771_2ab09d-45 alignnone kt-row-has-bg img-bg-blurry wp-block-kadence-rowlayout\"><div class=\"kt-row-layout-overlay kt-row-overlay-normal\"><\/div><div class=\"kt-row-layout-bottom-sep kt-row-sep-type-waves\"><svg viewBox=\"0 0 1000 100\" preserveAspectRatio=\"none\"><path d=\"M1000,40c0,0 -120.077,-38.076 -250,-38c-129.923,0.076 -345.105,78 -500,78c-154.895,0 -250,-30 -250,-30l0,50l1000,0l0,-60Z\" \/><path d=\"M1000,40c0,0 -120.077,-38.076 -250,-38c-129.923,0.076 -345.105,73 -500,73c-154.895,0 -250,-45 -250,-45l0,70l1000,0l0,-60Z\" style=\"opacity: 0.4\" \/><path d=\"M1000,40c0,0 -120.077,-38.076 -250,-38c-129.923,0.076 -345.105,68 -500,68c-154.895,0 -250,-65 -250,-65l0,95l1000,0l0,-60Z\" style=\"opacity: 0.4\" \/><\/svg><\/div><div class=\"kt-row-column-wrap kt-has-1-columns kt-row-layout-equal kt-tab-layout-inherit kt-mobile-layout-row kt-row-valign-middle kt-inner-column-height-full kb-theme-content-width\">\n<style>.kadence-column1771_2dd9e1-c1 > .kt-inside-inner-col{display:flex;}.kadence-column1771_2dd9e1-c1 > .kt-inside-inner-col{padding-top:var(--global-kb-spacing-lg, 3rem);padding-bottom:var(--global-kb-spacing-lg, 3rem);}.kadence-column1771_2dd9e1-c1 > .kt-inside-inner-col,.kadence-column1771_2dd9e1-c1 > .kt-inside-inner-col:before{border-top-left-radius:0px;border-top-right-radius:0px;border-bottom-right-radius:0px;border-bottom-left-radius:0px;}.kadence-column1771_2dd9e1-c1 > .kt-inside-inner-col{column-gap:var(--global-kb-gap-sm, 1rem);}.kadence-column1771_2dd9e1-c1 > .kt-inside-inner-col{flex-direction:column;align-items:center;}.kadence-column1771_2dd9e1-c1 > .kt-inside-inner-col > .kb-image-is-ratio-size{align-self:stretch;}.kadence-column1771_2dd9e1-c1 > .kt-inside-inner-col > .wp-block-kadence-advancedgallery{align-self:stretch;}.kadence-column1771_2dd9e1-c1 > .kt-inside-inner-col > .aligncenter{width:100%;}.kadence-column1771_2dd9e1-c1 > .kt-inside-inner-col:before{opacity:0.3;}.kadence-column1771_2dd9e1-c1{position:relative;}@media all and (max-width: 1024px){.kadence-column1771_2dd9e1-c1 > .kt-inside-inner-col{flex-direction:column;justify-content:center;align-items:center;}}@media all and (max-width: 767px){.kadence-column1771_2dd9e1-c1 > .kt-inside-inner-col{flex-direction:column;justify-content:center;align-items:center;}}<\/style>\n<div class=\"wp-block-kadence-column kadence-column1771_2dd9e1-c1 inner-column-1\"><div class=\"kt-inside-inner-col\"><style>.wp-block-kadence-advancedheading.kt-adv-heading1771_2755e7-ca, .wp-block-kadence-advancedheading.kt-adv-heading1771_2755e7-ca[data-kb-block=\"kb-adv-heading1771_2755e7-ca\"]{text-align:center;font-size:var(--global-kb-font-size-xl, 3rem);font-weight:400;font-style:normal;font-family:'Lilita One';text-transform:none;letter-spacing:1px;}.wp-block-kadence-advancedheading.kt-adv-heading1771_2755e7-ca mark.kt-highlight, .wp-block-kadence-advancedheading.kt-adv-heading1771_2755e7-ca[data-kb-block=\"kb-adv-heading1771_2755e7-ca\"] mark.kt-highlight{font-style:normal;color:var(--global-palette9, #ffffff);text-transform:capitalize;-webkit-box-decoration-break:clone;box-decoration-break:clone;padding-top:5px;padding-right:10px;padding-bottom:5px;padding-left:20px;}.wp-block-kadence-advancedheading.kt-adv-heading1771_2755e7-ca img.kb-inline-image, .wp-block-kadence-advancedheading.kt-adv-heading1771_2755e7-ca[data-kb-block=\"kb-adv-heading1771_2755e7-ca\"] img.kb-inline-image{width:150px;vertical-align:baseline;}@media all and (max-width: 767px){.wp-block-kadence-advancedheading.kt-adv-heading1771_2755e7-ca, .wp-block-kadence-advancedheading.kt-adv-heading1771_2755e7-ca[data-kb-block=\"kb-adv-heading1771_2755e7-ca\"]{font-size:32px;}}<\/style>\n<h1 class=\"kt-adv-heading1771_2755e7-ca title-underline wp-block-kadence-advancedheading has-theme-palette-9-color has-text-color\" data-kb-block=\"kb-adv-heading1771_2755e7-ca\">Mentions l\u00e9gales<\/h1>\n<\/div><\/div>\n\n<\/div><\/div>\n\n<style>.kb-row-layout-id1771_f92f37-92 > .kt-row-column-wrap{align-content:start;}:where(.kb-row-layout-id1771_f92f37-92 > .kt-row-column-wrap) > .wp-block-kadence-column{justify-content:start;}.kb-row-layout-id1771_f92f37-92 > .kt-row-column-wrap{column-gap:var(--global-kb-gap-md, 2rem);row-gap:var(--global-kb-gap-md, 2rem);max-width:var( --global-content-width, 1290px );padding-left:var(--global-content-edge-padding);padding-right:var(--global-content-edge-padding);padding-top:var(--global-kb-spacing-sm, 1.5rem);padding-bottom:var(--global-kb-spacing-sm, 1.5rem);grid-template-columns:minmax(0, 1fr);}.kb-row-layout-id1771_f92f37-92 > .kt-row-layout-overlay{opacity:0.30;}@media all and (max-width: 1024px){.kb-row-layout-id1771_f92f37-92 > .kt-row-column-wrap{grid-template-columns:minmax(0, 1fr);}}@media all and (max-width: 767px){.kb-row-layout-id1771_f92f37-92 > .kt-row-column-wrap{grid-template-columns:minmax(0, 1fr);}}<\/style><div class=\"kb-row-layout-wrap kb-row-layout-id1771_f92f37-92 alignnone has-theme-palette8-background-color kt-row-has-bg wp-block-kadence-rowlayout\"><div class=\"kt-row-column-wrap kt-has-1-columns kt-row-layout-equal kt-tab-layout-inherit kt-mobile-layout-row kt-row-valign-top kb-theme-content-width\">\n<style>.kadence-column1771_df7365-4d > .kt-inside-inner-col,.kadence-column1771_df7365-4d > .kt-inside-inner-col:before{border-top-left-radius:0px;border-top-right-radius:0px;border-bottom-right-radius:0px;border-bottom-left-radius:0px;}.kadence-column1771_df7365-4d > .kt-inside-inner-col{column-gap:var(--global-kb-gap-sm, 1rem);}.kadence-column1771_df7365-4d > .kt-inside-inner-col{flex-direction:column;}.kadence-column1771_df7365-4d > .kt-inside-inner-col > .aligncenter{width:100%;}.kadence-column1771_df7365-4d > .kt-inside-inner-col:before{opacity:0.3;}.kadence-column1771_df7365-4d{position:relative;}@media all and (max-width: 1024px){.kadence-column1771_df7365-4d > .kt-inside-inner-col{flex-direction:column;justify-content:center;}}@media all and (max-width: 767px){.kadence-column1771_df7365-4d > .kt-inside-inner-col{flex-direction:column;justify-content:center;}}<\/style>\n<div class=\"wp-block-kadence-column kadence-column1771_df7365-4d\"><div class=\"kt-inside-inner-col\"><style>.wp-block-kadence-advancedheading.kt-adv-heading1771_3b6403-41, .wp-block-kadence-advancedheading.kt-adv-heading1771_3b6403-41[data-kb-block=\"kb-adv-heading1771_3b6403-41\"]{font-style:normal;}.wp-block-kadence-advancedheading.kt-adv-heading1771_3b6403-41 mark.kt-highlight, .wp-block-kadence-advancedheading.kt-adv-heading1771_3b6403-41[data-kb-block=\"kb-adv-heading1771_3b6403-41\"] mark.kt-highlight{font-style:normal;color:#f76a0c;-webkit-box-decoration-break:clone;box-decoration-break:clone;padding-top:0px;padding-right:0px;padding-bottom:0px;padding-left:0px;}.wp-block-kadence-advancedheading.kt-adv-heading1771_3b6403-41 img.kb-inline-image, .wp-block-kadence-advancedheading.kt-adv-heading1771_3b6403-41[data-kb-block=\"kb-adv-heading1771_3b6403-41\"] img.kb-inline-image{width:150px;vertical-align:baseline;}<\/style>\n<p class=\"kt-adv-heading1771_3b6403-41 wp-block-kadence-advancedheading\" data-kb-block=\"kb-adv-heading1771_3b6403-41\">\ud83d\udcc4 Mentions l\u00e9gales<br><em>En vigueur au 17\/09\/2025<\/em><br>Conform\u00e9ment aux dispositions de la loi n\u00b02004-575 du 21 juin 2004 pour la Confiance en l\u2019\u00e9conomie num\u00e9rique, il est port\u00e9 \u00e0 la connaissance des utilisateurs et visiteurs (ci-apr\u00e8s l\u2019<strong>\u00ab Utilisateur \u00bb<\/strong>) du site <strong><a href=\"http:\/\/www.camping-lescognets.fr\">www.camping-lescognets.fr<\/a><\/strong> (ci-apr\u00e8s le <strong>\u00ab Site \u00bb<\/strong>) les pr\u00e9sentes mentions l\u00e9gales.<br>La connexion et la navigation sur le Site par l\u2019Utilisateur implique acceptation int\u00e9grale et sans r\u00e9serve des pr\u00e9sentes mentions l\u00e9gales.<br>Ces derni\u00e8res sont accessibles sur le Site \u00e0 la rubrique <strong>\u00ab Mentions l\u00e9gales \u00bb<\/strong>.<br><br>\u00c9dition du site<br>L\u2019\u00e9dition du Site est assur\u00e9e par la soci\u00e9t\u00e9 <strong>LES COGNETS<\/strong>, SAS au capital de <strong>21 200 \u20ac<\/strong>, immatricul\u00e9e au <strong>Registre du Commerce et des Soci\u00e9t\u00e9s de Coutances<\/strong> sous le num\u00e9ro <strong>505 250 720<\/strong>, dont le si\u00e8ge social est situ\u00e9 :<br><strong>3 route des Cognets \u2013 50530 Dragey-Ronthon \u2013 France<\/strong><br>T\u00e9l\u00e9phone : <strong>02 33 48 86 98<\/strong><br>Email : <strong><a>info@camping-lescognets.fr<\/a><\/strong><br>N\u00b0 de TVA intracommunautaire : <strong>FR05 505250720<\/strong><br>Directeur de la publication : <strong>Val\u00e9rie Br\u00e9chet<\/strong><br>(ci-apr\u00e8s l\u2019<strong>\u00ab \u00c9diteur \u00bb<\/strong>).<br><br>H\u00e9bergeur<br>Le Site est h\u00e9berg\u00e9 par la soci\u00e9t\u00e9 <strong>Hostinger<\/strong>, dont le si\u00e8ge social est situ\u00e9 :<br><strong>61 Lordou Vironos Street, 6023 Larnaca, Chypre<\/strong>.<br><br>Acc\u00e8s au site<br>Le Site est normalement accessible, \u00e0 tout moment, \u00e0 l\u2019Utilisateur. Toutefois, l\u2019\u00c9diteur pourra, \u00e0 tout moment, suspendre, limiter ou interrompre l\u2019acc\u00e8s afin de proc\u00e9der notamment \u00e0 des mises \u00e0 jour ou modifications de son contenu.<br>L\u2019\u00c9diteur ne pourra en aucun cas \u00eatre tenu responsable des cons\u00e9quences \u00e9ventuelles de cette indisponibilit\u00e9 sur les activit\u00e9s de l\u2019Utilisateur.<br><br>Collecte des donn\u00e9es<br>Le Site assure \u00e0 l\u2019Utilisateur une collecte et un traitement des donn\u00e9es personnelles dans le respect de la vie priv\u00e9e, conform\u00e9ment \u00e0 :<br>la <strong>loi n\u00b078-17 du 6 janvier 1978<\/strong> relative \u00e0 l\u2019informatique, aux fichiers et aux libert\u00e9s,<br>et au <strong>R\u00e8glement (UE) 2016\/679 du Parlement europ\u00e9en et du Conseil du 27 avril 2016<\/strong> (ci-apr\u00e8s, ensemble, la <strong>\u00ab R\u00e8glementation applicable en mati\u00e8re de protection des Donn\u00e9es \u00e0 caract\u00e8re personnel \u00bb<\/strong>).<br>En vertu de cette r\u00e9glementation, l\u2019Utilisateur dispose d\u2019un droit :<br>d\u2019acc\u00e8s,<br>de rectification,<br>de suppression,<br>et d\u2019opposition \u00e0 ses donn\u00e9es personnelles.<br>L\u2019Utilisateur peut exercer ce droit :<br>par email \u00e0 l\u2019adresse suivante : <strong><a>info@camping-lescognets.fr<\/a><\/strong><br><br>Propri\u00e9t\u00e9 intellectuelle<br>Toute utilisation, reproduction, diffusion, commercialisation ou modification de toute ou partie du Site, sans autorisation expresse de l\u2019\u00c9diteur, est prohib\u00e9e et pourra entra\u00eener des actions et poursuites judiciaires, telles que pr\u00e9vues par la r\u00e9glementation en vigueur.<br><br>Conform\u00e9ment aux Articles L. 616-1 et R. 111-1 6\u00b0 du Code de la consommation, le client est en droit de saisir le M\u00e9diateur du Tourisme et du Voyage, dont les coordonn\u00e9es sont actuellement les suivantes : M\u00e9diateur Tourisme Voyage, MTV M\u00e9diation Tourisme Voyage BP 80 303 75823 Paris Cedex 17<br><br>Apr\u00e8s avoir saisi le service (apr\u00e8s-vente, apr\u00e8s voyage\u2026) et \u00e0 d\u00e9faut de r\u00e9ponse satisfaisante ou en l\u2019absence de r\u00e9ponse dans un d\u00e9lai de 60 jours, le client peut saisir gratuitement le m\u00e9diateur du Tourisme et du Voyage, dont les coordonn\u00e9es et modalit\u00e9s de saisie sont disponibles sur son site : www.mtv.travel<\/p>\n<\/div><\/div>\n\n<\/div><\/div>","protected":false},"excerpt":{"rendered":"<p>Legal notices \ud83d\udcc4 Legal noticesIn force as of 17\/09\/2025In accordance with the provisions of Law n\u00b02004-575 of 21 June 2004 on Confidence in the Digital Economy, users and visitors (hereinafter the \u2019User\u00ab) of the website www.camping-lescognets.fr (hereinafter the \u00bbSite\u00ab) are hereby informed of these legal notices. Connection and browsing on\u2026<\/p>","protected":false},"author":5,"featured_media":0,"parent":0,"menu_order":0,"comment_status":"closed","ping_status":"closed","template":"","meta":{"_acf_changed":false,"_kad_blocks_custom_css":"","_kad_blocks_head_custom_js":"","_kad_blocks_body_custom_js":"","_kad_blocks_footer_custom_js":"","_kad_post_transparent":"","_kad_post_title":"","_kad_post_layout":"","_kad_post_sidebar_id":"","_kad_post_content_style":"","_kad_post_vertical_padding":"","_kad_post_feature":"","_kad_post_feature_position":"","_kad_post_header":false,"_kad_post_footer":false,"_kad_post_classname":"","footnotes":""},"class_list":["post-1771","page","type-page","status-publish","hentry"],"acf":[],"taxonomy_info":[],"featured_image_src_large":false,"author_info":{"display_name":"Apollo Studio","author_link":"https:\/\/camping-lescognets.fr\/en\/author\/apollo-studio\/"},"comment_info":0,"_links":{"self":[{"href":"https:\/\/camping-lescognets.fr\/en\/wp-json\/wp\/v2\/pages\/1771","targetHints":{"allow":["GET"]}}],"collection":[{"href":"https:\/\/camping-lescognets.fr\/en\/wp-json\/wp\/v2\/pages"}],"about":[{"href":"https:\/\/camping-lescognets.fr\/en\/wp-json\/wp\/v2\/types\/page"}],"author":[{"embeddable":true,"href":"https:\/\/camping-lescognets.fr\/en\/wp-json\/wp\/v2\/users\/5"}],"replies":[{"embeddable":true,"href":"https:\/\/camping-lescognets.fr\/en\/wp-json\/wp\/v2\/comments?post=1771"}],"version-history":[{"count":8,"href":"https:\/\/camping-lescognets.fr\/en\/wp-json\/wp\/v2\/pages\/1771\/revisions"}],"predecessor-version":[{"id":3160,"href":"https:\/\/camping-lescognets.fr\/en\/wp-json\/wp\/v2\/pages\/1771\/revisions\/3160"}],"wp:attachment":[{"href":"https:\/\/camping-lescognets.fr\/en\/wp-json\/wp\/v2\/media?parent=1771"}],"curies":[{"name":"wp","href":"https:\/\/api.w.org\/{rel}","templated":true}]}}