{"id":1777,"date":"2025-09-30T09:01:32","date_gmt":"2025-09-30T09:01:32","guid":{"rendered":"https:\/\/camping-lescognets.fr\/?page_id=1777"},"modified":"2025-12-24T13:10:24","modified_gmt":"2025-12-24T13:10:24","slug":"privacy-policy","status":"publish","type":"page","link":"https:\/\/camping-lescognets.fr\/en\/privacy-policy\/","title":{"rendered":"Privacy policy"},"content":{"rendered":"<style>.kb-row-layout-id1777_d323bd-81 > .kt-row-column-wrap{align-content:center;}:where(.kb-row-layout-id1777_d323bd-81 > .kt-row-column-wrap) > .wp-block-kadence-column{justify-content:center;}.kb-row-layout-id1777_d323bd-81 > .kt-row-column-wrap{column-gap:var(--global-kb-gap-md, 2rem);row-gap:var(--global-kb-gap-md, 2rem);max-width:var( --global-content-width, 1290px );padding-left:var(--global-content-edge-padding);padding-right:var(--global-content-edge-padding);padding-top:99px;padding-bottom:100px;grid-template-columns:minmax(0, 1fr);}.kb-row-layout-id1777_d323bd-81{border-top-left-radius:0px;border-bottom-right-radius:0px;}.kb-row-layout-id1777_d323bd-81 > .kt-row-layout-overlay{opacity:1;background-color:#f2bb6b;background-image:url('https:\/\/camping-lescognets.fr\/wp-content\/uploads\/2025\/10\/close-up-of-a-hand-holding-a-pen-and-paper-near-a-laptop-suggesting-online-shopping-or-document-review.-2646033-scaled.jpg');background-size:cover;background-position:center center;background-attachment:scroll;background-repeat:no-repeat;}.kb-row-layout-id1777_d323bd-81 .kt-row-layout-bottom-sep{height:103px;}.kb-row-layout-id1777_d323bd-81 .kt-row-layout-bottom-sep svg{width:118%;}.kb-row-layout-id1777_d323bd-81 .kt-row-layout-bottom-sep svg{fill:var(--global-palette8, #F7FAFC)!important;}@media all and (max-width: 1024px){.kb-row-layout-id1777_d323bd-81 > .kt-row-column-wrap{grid-template-columns:minmax(0, 1fr);}}@media all and (max-width: 1024px){.kb-row-layout-id1777_d323bd-81 .kt-row-layout-bottom-sep{height:px;}}@media all and (max-width: 1024px){.kb-row-layout-id1777_d323bd-81 .kt-row-layout-bottom-sep svg{width:%;}}@media all and (max-width: 767px){.kb-row-layout-id1777_d323bd-81 > .kt-row-column-wrap{grid-template-columns:minmax(0, 1fr);}.kb-row-layout-id1777_d323bd-81 .kt-row-layout-bottom-sep{height:px;}.kb-row-layout-id1777_d323bd-81 .kt-row-layout-bottom-sep svg{width:%;}}<\/style><div class=\"kb-row-layout-wrap kb-row-layout-id1777_d323bd-81 alignnone kt-row-has-bg img-bg-blurry wp-block-kadence-rowlayout\"><div class=\"kt-row-layout-overlay kt-row-overlay-normal\"><\/div><div class=\"kt-row-layout-bottom-sep kt-row-sep-type-waves\"><svg viewbox=\"0 0 1000 100\" preserveaspectratio=\"none\"><path d=\"M1000,40c0,0 -120.077,-38.076 -250,-38c-129.923,0.076 -345.105,78 -500,78c-154.895,0 -250,-30 -250,-30l0,50l1000,0l0,-60Z\" \/><path d=\"M1000,40c0,0 -120.077,-38.076 -250,-38c-129.923,0.076 -345.105,73 -500,73c-154.895,0 -250,-45 -250,-45l0,70l1000,0l0,-60Z\" style=\"opacity: 0.4\" \/><path d=\"M1000,40c0,0 -120.077,-38.076 -250,-38c-129.923,0.076 -345.105,68 -500,68c-154.895,0 -250,-65 -250,-65l0,95l1000,0l0,-60Z\" style=\"opacity: 0.4\" \/><\/svg><\/div><div class=\"kt-row-column-wrap kt-has-1-columns kt-row-layout-equal kt-tab-layout-inherit kt-mobile-layout-row kt-row-valign-middle kt-inner-column-height-full kb-theme-content-width\">\n<style>.kadence-column1777_82a890-5a > .kt-inside-inner-col{display:flex;}.kadence-column1777_82a890-5a > .kt-inside-inner-col{padding-top:var(--global-kb-spacing-lg, 3rem);padding-bottom:var(--global-kb-spacing-lg, 3rem);}.kadence-column1777_82a890-5a > .kt-inside-inner-col,.kadence-column1777_82a890-5a > .kt-inside-inner-col:before{border-top-left-radius:0px;border-top-right-radius:0px;border-bottom-right-radius:0px;border-bottom-left-radius:0px;}.kadence-column1777_82a890-5a > .kt-inside-inner-col{column-gap:var(--global-kb-gap-sm, 1rem);}.kadence-column1777_82a890-5a > .kt-inside-inner-col{flex-direction:column;align-items:center;}.kadence-column1777_82a890-5a > .kt-inside-inner-col > .kb-image-is-ratio-size{align-self:stretch;}.kadence-column1777_82a890-5a > .kt-inside-inner-col > .wp-block-kadence-advancedgallery{align-self:stretch;}.kadence-column1777_82a890-5a > .kt-inside-inner-col > .aligncenter{width:100%;}.kadence-column1777_82a890-5a > .kt-inside-inner-col:before{opacity:0.3;}.kadence-column1777_82a890-5a{position:relative;}@media all and (max-width: 1024px){.kadence-column1777_82a890-5a > .kt-inside-inner-col{flex-direction:column;justify-content:center;align-items:center;}}@media all and (max-width: 767px){.kadence-column1777_82a890-5a > .kt-inside-inner-col{flex-direction:column;justify-content:center;align-items:center;}}<\/style>\n<div class=\"wp-block-kadence-column kadence-column1777_82a890-5a inner-column-1\"><div class=\"kt-inside-inner-col\"><style>.wp-block-kadence-advancedheading.kt-adv-heading1777_38d1ad-17, .wp-block-kadence-advancedheading.kt-adv-heading1777_38d1ad-17[data-kb-block=\"kb-adv-heading1777_38d1ad-17\"]{text-align:center;font-size:var(--global-kb-font-size-xl, 3rem);font-weight:400;font-style:normal;font-family:'Lilita One';text-transform:none;letter-spacing:1px;}.wp-block-kadence-advancedheading.kt-adv-heading1777_38d1ad-17 mark.kt-highlight, .wp-block-kadence-advancedheading.kt-adv-heading1777_38d1ad-17[data-kb-block=\"kb-adv-heading1777_38d1ad-17\"] mark.kt-highlight{font-style:normal;color:var(--global-palette9, #ffffff);text-transform:capitalize;-webkit-box-decoration-break:clone;box-decoration-break:clone;padding-top:5px;padding-right:10px;padding-bottom:5px;padding-left:20px;}@media all and (max-width: 767px){.wp-block-kadence-advancedheading.kt-adv-heading1777_38d1ad-17, .wp-block-kadence-advancedheading.kt-adv-heading1777_38d1ad-17[data-kb-block=\"kb-adv-heading1777_38d1ad-17\"]{font-size:32px;}}<\/style>\n<h1 class=\"kt-adv-heading1777_38d1ad-17 title-underline wp-block-kadence-advancedheading has-theme-palette-9-color has-text-color\" data-kb-block=\"kb-adv-heading1777_38d1ad-17\">Privacy policy<\/h1>\n<\/div><\/div>\n\n<\/div><\/div>\n\n<style>.kb-row-layout-id1777_4996a3-cb > .kt-row-column-wrap{align-content:start;}:where(.kb-row-layout-id1777_4996a3-cb > .kt-row-column-wrap) > .wp-block-kadence-column{justify-content:start;}.kb-row-layout-id1777_4996a3-cb > .kt-row-column-wrap{column-gap:var(--global-kb-gap-md, 2rem);row-gap:var(--global-kb-gap-md, 2rem);max-width:var( --global-content-width, 1290px );padding-left:var(--global-content-edge-padding);padding-right:var(--global-content-edge-padding);padding-top:var(--global-kb-spacing-sm, 1.5rem);padding-bottom:var(--global-kb-spacing-sm, 1.5rem);grid-template-columns:minmax(0, 1fr);}.kb-row-layout-id1777_4996a3-cb > .kt-row-layout-overlay{opacity:0.30;}@media all and (max-width: 1024px){.kb-row-layout-id1777_4996a3-cb > .kt-row-column-wrap{grid-template-columns:minmax(0, 1fr);}}@media all and (max-width: 767px){.kb-row-layout-id1777_4996a3-cb > .kt-row-column-wrap{grid-template-columns:minmax(0, 1fr);}}<\/style><div class=\"kb-row-layout-wrap kb-row-layout-id1777_4996a3-cb alignnone has-theme-palette8-background-color kt-row-has-bg wp-block-kadence-rowlayout\"><div class=\"kt-row-column-wrap kt-has-1-columns kt-row-layout-equal kt-tab-layout-inherit kt-mobile-layout-row kt-row-valign-top kb-theme-content-width\">\n<style>.kadence-column1777_501a82-79 > .kt-inside-inner-col,.kadence-column1777_501a82-79 > .kt-inside-inner-col:before{border-top-left-radius:0px;border-top-right-radius:0px;border-bottom-right-radius:0px;border-bottom-left-radius:0px;}.kadence-column1777_501a82-79 > .kt-inside-inner-col{column-gap:var(--global-kb-gap-sm, 1rem);}.kadence-column1777_501a82-79 > .kt-inside-inner-col{flex-direction:column;}.kadence-column1777_501a82-79 > .kt-inside-inner-col > .aligncenter{width:100%;}.kadence-column1777_501a82-79 > .kt-inside-inner-col:before{opacity:0.3;}.kadence-column1777_501a82-79{position:relative;}@media all and (max-width: 1024px){.kadence-column1777_501a82-79 > .kt-inside-inner-col{flex-direction:column;justify-content:center;}}@media all and (max-width: 767px){.kadence-column1777_501a82-79 > .kt-inside-inner-col{flex-direction:column;justify-content:center;}}<\/style>\n<div class=\"wp-block-kadence-column kadence-column1777_501a82-79\"><div class=\"kt-inside-inner-col\"><style>.wp-block-kadence-advancedheading.kt-adv-heading1777_4356a1-03, .wp-block-kadence-advancedheading.kt-adv-heading1777_4356a1-03[data-kb-block=\"kb-adv-heading1777_4356a1-03\"]{font-style:normal;}.wp-block-kadence-advancedheading.kt-adv-heading1777_4356a1-03 mark.kt-highlight, .wp-block-kadence-advancedheading.kt-adv-heading1777_4356a1-03[data-kb-block=\"kb-adv-heading1777_4356a1-03\"] mark.kt-highlight{font-style:normal;color:#f76a0c;-webkit-box-decoration-break:clone;box-decoration-break:clone;padding-top:0px;padding-right:0px;padding-bottom:0px;padding-left:0px;}<\/style>\n<p class=\"kt-adv-heading1777_4356a1-03 wp-block-kadence-advancedheading\" data-kb-block=\"kb-adv-heading1777_4356a1-03\"><br><em>Effective 17\/09\/2025<\/em><br>The present <strong>privacy policy<\/strong> is to inform users of the site <strong><a href=\"https:\/\/camping-lescognets.fr\/en\/\">www.camping-lescognets.fr<\/a><\/strong> (hereinafter the <strong>\u00abSite\u00bb<\/strong>) on the collection, use and protection of their personal data, in accordance with the <strong>Regulation (EU) 2016\/679 (RGPD)<\/strong> and <strong>Act no. 78-17 of 6 January 1978 as amended<\/strong> relating to data processing, data files and individual liberties.<br><br>1. Data controller<br>The data controller is :<br><strong>Campsite Les Cognets<\/strong><br>SAS with capital of \u20ac21,200<br>Head office: 3 route des Cognets - 50530 Dragey-Ronthon - France<br>SIRET : 505 250 720 00012<br>Email : <a>info@camping-lescognets.fr<\/a><br>Telephone: 02 33 48 86 98<br><br>2. Data collected<br>We collect only the data strictly necessary to respond to your requests and manage your stay:<br>Contact details: surname, first name, email, telephone.<br>Booking information: dates of stay, type of accommodation, number of people.<br>Browsing data (cookies, anonymous site traffic statistics).<br>We do not collect sensitive data (ethnic origin, political opinions, health, etc.).<br><br>3. Purpose of data collection<br>Your personal data is used for :<br>Respond to your requests sent via the contact form.<br>Manage your bookings and customer relations.<br>Communicate useful information before, during and after your stay.<br>To improve navigation on the Site and our services thanks to visitor statistics.<br><br>4. Recipients of data<br>The data collected is intended solely for :<br>The in-house <strong>Campsite Les Cognets<\/strong>.<br>Our technical service providers (hosting company, online booking tools).<br>Under no circumstances will they be sold to third parties.<br><br>5. Data retention<br>Your personal data will be kept for a limited period of time:<br>Booking data: 3 years after the end of the stay.<br>Contact form data: maximum 1 year.<br>Billing data: 10 years (legal obligation).<br><br>6. Your RGPD rights<br>In accordance with the regulations, you have the following rights:<br>Right of access, rectification and deletion of your data.<br>Right to object to the processing of your data.<br>Right to restriction and portability of your data.<br>\ud83d\udc49 To exercise your rights, simply send an email to : <strong><a>info@camping-lescognets.fr<\/a><\/strong><br>If you feel that your rights have not been respected, you can submit a complaint to the <strong>CNIL<\/strong> (<a>www.cnil.fr<\/a>).<br><br>7. Data security<br>We put in place all the technical and organisational measures necessary to protect your personal data against loss, misuse or unauthorised access.<br><br>8. Cookies<br>The Site uses cookies to improve navigation and measure the audience.<br>Essential cookies: necessary for the site to function properly.<br>Analytical cookies: used to measure the audience (Google Analytics or equivalent).<br>You can set your preferences via the cookies banner displayed on your first visit.<br><br>9. Changes to the policy<br>This privacy policy may be amended at any time to adapt to legal or technical developments.<br>The applicable version is the one published on the Site on the date of your consultation.<br><br>10. Contact<br>If you have any questions about this policy or how to exercise your rights, please contact us at :<br>\ud83d\udce7 <strong><a>info@camping-lescognets.fr<\/a><\/strong><br>\ud83d\udcde <strong>02 33 48 86 98<\/strong><\/p>\n<\/div><\/div>\n\n<\/div><\/div>","protected":false},"excerpt":{"rendered":"<p>Politique de confidentialit\u00e9 En vigueur au 17\/09\/2025La pr\u00e9sente politique de confidentialit\u00e9 a pour objectif d\u2019informer les utilisateurs du site www.camping-lescognets.fr (ci-apr\u00e8s le \u00ab Site \u00bb) sur la collecte, l\u2019utilisation et la protection de leurs donn\u00e9es personnelles, conform\u00e9ment au R\u00e8glement (UE) 2016\/679 (RGPD) et \u00e0 la loi n\u00b078-17 du 6 janvier 1978 modifi\u00e9e relative \u00e0 l\u2019informatique,&#8230;<\/p>","protected":false},"author":5,"featured_media":0,"parent":0,"menu_order":0,"comment_status":"closed","ping_status":"closed","template":"","meta":{"_acf_changed":false,"_kad_blocks_custom_css":"","_kad_blocks_head_custom_js":"","_kad_blocks_body_custom_js":"","_kad_blocks_footer_custom_js":"","_kad_post_transparent":"","_kad_post_title":"","_kad_post_layout":"","_kad_post_sidebar_id":"","_kad_post_content_style":"","_kad_post_vertical_padding":"","_kad_post_feature":"","_kad_post_feature_position":"","_kad_post_header":false,"_kad_post_footer":false,"_kad_post_classname":"","footnotes":""},"class_list":["post-1777","page","type-page","status-publish","hentry"],"acf":[],"taxonomy_info":[],"featured_image_src_large":false,"author_info":{"display_name":"Apollo Studio","author_link":"https:\/\/camping-lescognets.fr\/en\/author\/apollo-studio\/"},"comment_info":0,"_links":{"self":[{"href":"https:\/\/camping-lescognets.fr\/en\/wp-json\/wp\/v2\/pages\/1777","targetHints":{"allow":["GET"]}}],"collection":[{"href":"https:\/\/camping-lescognets.fr\/en\/wp-json\/wp\/v2\/pages"}],"about":[{"href":"https:\/\/camping-lescognets.fr\/en\/wp-json\/wp\/v2\/types\/page"}],"author":[{"embeddable":true,"href":"https:\/\/camping-lescognets.fr\/en\/wp-json\/wp\/v2\/users\/5"}],"replies":[{"embeddable":true,"href":"https:\/\/camping-lescognets.fr\/en\/wp-json\/wp\/v2\/comments?post=1777"}],"version-history":[{"count":4,"href":"https:\/\/camping-lescognets.fr\/en\/wp-json\/wp\/v2\/pages\/1777\/revisions"}],"predecessor-version":[{"id":3158,"href":"https:\/\/camping-lescognets.fr\/en\/wp-json\/wp\/v2\/pages\/1777\/revisions\/3158"}],"wp:attachment":[{"href":"https:\/\/camping-lescognets.fr\/en\/wp-json\/wp\/v2\/media?parent=1777"}],"curies":[{"name":"wp","href":"https:\/\/api.w.org\/{rel}","templated":true}]}}